{"id":195,"date":"2022-09-12T19:50:03","date_gmt":"2022-09-12T17:50:03","guid":{"rendered":"http:\/\/www.babyswimming.at\/wp\/?page_id=195"},"modified":"2023-09-19T18:16:37","modified_gmt":"2023-09-19T16:16:37","slug":"kurse","status":"publish","type":"page","link":"https:\/\/www.babyswimming.at\/wp\/kurse-infos\/kurse\/","title":{"rendered":"Kurse &#038; Kurstermine"},"content":{"rendered":"\n<h5 class=\"wp-block-heading has-text-align-center\">Einzelunterricht <\/h5>\n\n\n\n<p class=\"has-text-align-center\"><a href=\"https:\/\/www.babyswimming.at\/wp\/kurse-infos\/einzelunterricht\/\"><strong>Infos zum Einzelunterricht&#8230;<\/strong><\/a><br><a href=\"mailto:nicole@babyswimming.at\" target=\"_blank\" rel=\"noreferrer noopener\">Anfragen direkt bei Nicole (eMail)<\/a>\u00a0bzw. \u00fcber unser\u00a0<a href=\"https:\/\/www.babyswimming.at\/wp\/kursanfrage\/\">Anfrageformular<\/a>, oder telefonisch unter <strong>0699-116 35 597<\/strong> <\/p>\n\n\n<div class=\"wp-block-image\">\n<figure class=\"aligncenter size-large is-resized\"><a href=\"https:\/\/www.babyswimming.at\/wp\/kurse-infos\/einzelunterricht\/\"><img decoding=\"async\" src=\"https:\/\/www.babyswimming.at\/wp\/wp-content\/uploads\/2023\/09\/BS-20230709-OW-465-1-1024x682.jpg\" alt=\"\" class=\"wp-image-627\" style=\"width:200px\" width=\"200\" srcset=\"https:\/\/www.babyswimming.at\/wp\/wp-content\/uploads\/2023\/09\/BS-20230709-OW-465-1-1024x682.jpg 1024w, https:\/\/www.babyswimming.at\/wp\/wp-content\/uploads\/2023\/09\/BS-20230709-OW-465-1-300x200.jpg 300w, https:\/\/www.babyswimming.at\/wp\/wp-content\/uploads\/2023\/09\/BS-20230709-OW-465-1-768x512.jpg 768w, https:\/\/www.babyswimming.at\/wp\/wp-content\/uploads\/2023\/09\/BS-20230709-OW-465-1-1536x1024.jpg 1536w, https:\/\/www.babyswimming.at\/wp\/wp-content\/uploads\/2023\/09\/BS-20230709-OW-465-1-450x300.jpg 450w, https:\/\/www.babyswimming.at\/wp\/wp-content\/uploads\/2023\/09\/BS-20230709-OW-465-1.jpg 2000w\" sizes=\"(max-width: 1024px) 100vw, 1024px\" \/><\/a><\/figure>\n<\/div>\n\n\n<hr class=\"wp-block-separator has-alpha-channel-opacity is-style-dots\"\/>\n\n\n\n<h5 class=\"wp-block-heading has-text-align-center\"><strong>Aktuelle Kurse und Kurstermine<\/strong><\/h5>\n\n\n\n<p class=\"has-text-align-center\"> in der <strong>Therme Wien<\/strong> sowie der <strong>R\u00f6mertherme Baden<\/strong> gibt es bei <br>unserem Partnerunternehmen <a href=\"http:\/\/www.baby-kinder-schwimmschule.at\" target=\"_blank\" rel=\"noreferrer noopener\">Baby-Kinder-Schwimmschule.at<\/a>!<\/p>\n\n\n<div class=\"wp-block-image\">\n<figure class=\"aligncenter size-large is-resized\"><a href=\"http:\/\/www.baby-kinder-schwimmschule.at\" target=\"_blank\" rel=\"noreferrer noopener\"><img decoding=\"async\" src=\"https:\/\/www.babyswimming.at\/wp\/wp-content\/uploads\/2023\/09\/BS-20230709-OW-504-1024x683.jpg\" alt=\"\" class=\"wp-image-629\" style=\"width:200px\" width=\"200\" srcset=\"https:\/\/www.babyswimming.at\/wp\/wp-content\/uploads\/2023\/09\/BS-20230709-OW-504-1024x683.jpg 1024w, https:\/\/www.babyswimming.at\/wp\/wp-content\/uploads\/2023\/09\/BS-20230709-OW-504-300x200.jpg 300w, https:\/\/www.babyswimming.at\/wp\/wp-content\/uploads\/2023\/09\/BS-20230709-OW-504-768x512.jpg 768w, https:\/\/www.babyswimming.at\/wp\/wp-content\/uploads\/2023\/09\/BS-20230709-OW-504-450x300.jpg 450w, https:\/\/www.babyswimming.at\/wp\/wp-content\/uploads\/2023\/09\/BS-20230709-OW-504.jpg 1500w\" sizes=\"(max-width: 1024px) 100vw, 1024px\" \/><\/a><\/figure>\n<\/div>\n\n\n<div class=\"wp-block-columns is-layout-flex wp-container-core-columns-is-layout-9d6595d7 wp-block-columns-is-layout-flex\"><\/div>\n\n\n\n<h5 class=\"wp-block-heading\"><\/h5>\n","protected":false},"excerpt":{"rendered":"<p>Einzelunterricht Infos zum Einzelunterricht&#8230;Anfragen direkt bei Nicole (eMail)\u00a0bzw. \u00fcber unser\u00a0Anfrageformular, oder telefonisch unter 0699-116 35 597 Aktuelle Kurse und Kurstermine in der Therme Wien sowie &hellip;<\/p>\n","protected":false},"author":2,"featured_media":385,"parent":149,"menu_order":5,"comment_status":"closed","ping_status":"closed","template":"","meta":{"footnotes":""},"class_list":["post-195","page","type-page","status-publish","has-post-thumbnail","hentry"],"yoast_head":"<!-- This site is optimized with the Yoast SEO plugin v27.4 - https:\/\/yoast.com\/product\/yoast-seo-wordpress\/ -->\n<title>Kurse &amp; Kurstermine - Babyswimming.at<\/title>\n<meta name=\"robots\" content=\"index, follow, max-snippet:-1, max-image-preview:large, max-video-preview:-1\" \/>\n<link rel=\"canonical\" href=\"https:\/\/www.babyswimming.at\/wp\/kurse-infos\/kurse\/\" \/>\n<meta property=\"og:locale\" content=\"de_DE\" \/>\n<meta property=\"og:type\" content=\"article\" \/>\n<meta property=\"og:title\" content=\"Kurse &amp; Kurstermine - Babyswimming.at\" \/>\n<meta property=\"og:description\" content=\"Einzelunterricht Infos zum Einzelunterricht&#8230;Anfragen direkt bei Nicole (eMail)\u00a0bzw. \u00fcber unser\u00a0Anfrageformular, oder telefonisch unter 0699-116 35 597 Aktuelle Kurse und Kurstermine in der Therme Wien sowie &hellip;\" \/>\n<meta property=\"og:url\" content=\"https:\/\/www.babyswimming.at\/wp\/kurse-infos\/kurse\/\" \/>\n<meta property=\"og:site_name\" content=\"Babyswimming.at\" \/>\n<meta property=\"article:modified_time\" content=\"2023-09-19T16:16:37+00:00\" \/>\n<meta property=\"og:image\" content=\"https:\/\/www.babyswimming.at\/wp\/wp-content\/uploads\/2022\/09\/cropped-BS-140603-082.jpg\" \/>\n\t<meta property=\"og:image:width\" content=\"1920\" \/>\n\t<meta property=\"og:image:height\" content=\"1080\" \/>\n\t<meta property=\"og:image:type\" content=\"image\/jpeg\" \/>\n<meta name=\"twitter:card\" content=\"summary_large_image\" \/>\n<meta name=\"twitter:label1\" content=\"Gesch\u00e4tzte Lesezeit\" \/>\n\t<meta name=\"twitter:data1\" content=\"1\u00a0Minute\" \/>\n<script type=\"application\/ld+json\" class=\"yoast-schema-graph\">{\"@context\":\"https:\\\/\\\/schema.org\",\"@graph\":[{\"@type\":\"WebPage\",\"@id\":\"https:\\\/\\\/www.babyswimming.at\\\/wp\\\/kurse-infos\\\/kurse\\\/\",\"url\":\"https:\\\/\\\/www.babyswimming.at\\\/wp\\\/kurse-infos\\\/kurse\\\/\",\"name\":\"Kurse & Kurstermine - Babyswimming.at\",\"isPartOf\":{\"@id\":\"https:\\\/\\\/www.babyswimming.at\\\/wp\\\/#website\"},\"primaryImageOfPage\":{\"@id\":\"https:\\\/\\\/www.babyswimming.at\\\/wp\\\/kurse-infos\\\/kurse\\\/#primaryimage\"},\"image\":{\"@id\":\"https:\\\/\\\/www.babyswimming.at\\\/wp\\\/kurse-infos\\\/kurse\\\/#primaryimage\"},\"thumbnailUrl\":\"https:\\\/\\\/www.babyswimming.at\\\/wp\\\/wp-content\\\/uploads\\\/2022\\\/09\\\/cropped-BS-140603-082.jpg\",\"datePublished\":\"2022-09-12T17:50:03+00:00\",\"dateModified\":\"2023-09-19T16:16:37+00:00\",\"breadcrumb\":{\"@id\":\"https:\\\/\\\/www.babyswimming.at\\\/wp\\\/kurse-infos\\\/kurse\\\/#breadcrumb\"},\"inLanguage\":\"de\",\"potentialAction\":[{\"@type\":\"ReadAction\",\"target\":[\"https:\\\/\\\/www.babyswimming.at\\\/wp\\\/kurse-infos\\\/kurse\\\/\"]}]},{\"@type\":\"ImageObject\",\"inLanguage\":\"de\",\"@id\":\"https:\\\/\\\/www.babyswimming.at\\\/wp\\\/kurse-infos\\\/kurse\\\/#primaryimage\",\"url\":\"https:\\\/\\\/www.babyswimming.at\\\/wp\\\/wp-content\\\/uploads\\\/2022\\\/09\\\/cropped-BS-140603-082.jpg\",\"contentUrl\":\"https:\\\/\\\/www.babyswimming.at\\\/wp\\\/wp-content\\\/uploads\\\/2022\\\/09\\\/cropped-BS-140603-082.jpg\",\"width\":1920,\"height\":1080},{\"@type\":\"BreadcrumbList\",\"@id\":\"https:\\\/\\\/www.babyswimming.at\\\/wp\\\/kurse-infos\\\/kurse\\\/#breadcrumb\",\"itemListElement\":[{\"@type\":\"ListItem\",\"position\":1,\"name\":\"Startseite\",\"item\":\"https:\\\/\\\/www.babyswimming.at\\\/wp\\\/\"},{\"@type\":\"ListItem\",\"position\":2,\"name\":\"Schwimmkurse &#038; Co.\",\"item\":\"https:\\\/\\\/www.babyswimming.at\\\/wp\\\/kurse-infos\\\/\"},{\"@type\":\"ListItem\",\"position\":3,\"name\":\"Kurse &#038; Kurstermine\"}]},{\"@type\":\"WebSite\",\"@id\":\"https:\\\/\\\/www.babyswimming.at\\\/wp\\\/#website\",\"url\":\"https:\\\/\\\/www.babyswimming.at\\\/wp\\\/\",\"name\":\"Babyswimming.at\",\"description\":\"Nieder\u00f6sterreichische Baby- und Kleinkinderschwimmschule s\u00fcdlich von Wien | Privat- und Individualunterricht, Coaching f\u00fcr TrainerInnen und Schwimmschulen...\",\"publisher\":{\"@id\":\"https:\\\/\\\/www.babyswimming.at\\\/wp\\\/#organization\"},\"potentialAction\":[{\"@type\":\"SearchAction\",\"target\":{\"@type\":\"EntryPoint\",\"urlTemplate\":\"https:\\\/\\\/www.babyswimming.at\\\/wp\\\/?s={search_term_string}\"},\"query-input\":{\"@type\":\"PropertyValueSpecification\",\"valueRequired\":true,\"valueName\":\"search_term_string\"}}],\"inLanguage\":\"de\"},{\"@type\":\"Organization\",\"@id\":\"https:\\\/\\\/www.babyswimming.at\\\/wp\\\/#organization\",\"name\":\"Babyswimming.at\",\"url\":\"https:\\\/\\\/www.babyswimming.at\\\/wp\\\/\",\"logo\":{\"@type\":\"ImageObject\",\"inLanguage\":\"de\",\"@id\":\"https:\\\/\\\/www.babyswimming.at\\\/wp\\\/#\\\/schema\\\/logo\\\/image\\\/\",\"url\":\"https:\\\/\\\/www.babyswimming.at\\\/wp\\\/wp-content\\\/uploads\\\/2022\\\/09\\\/BS.at-Logo_mittelblaue-Schrift_MedRes.png\",\"contentUrl\":\"https:\\\/\\\/www.babyswimming.at\\\/wp\\\/wp-content\\\/uploads\\\/2022\\\/09\\\/BS.at-Logo_mittelblaue-Schrift_MedRes.png\",\"width\":1500,\"height\":1384,\"caption\":\"Babyswimming.at\"},\"image\":{\"@id\":\"https:\\\/\\\/www.babyswimming.at\\\/wp\\\/#\\\/schema\\\/logo\\\/image\\\/\"}}]}<\/script>\n<!-- \/ Yoast SEO plugin. -->","yoast_head_json":{"title":"Kurse & Kurstermine - Babyswimming.at","robots":{"index":"index","follow":"follow","max-snippet":"max-snippet:-1","max-image-preview":"max-image-preview:large","max-video-preview":"max-video-preview:-1"},"canonical":"https:\/\/www.babyswimming.at\/wp\/kurse-infos\/kurse\/","og_locale":"de_DE","og_type":"article","og_title":"Kurse & Kurstermine - Babyswimming.at","og_description":"Einzelunterricht Infos zum Einzelunterricht&#8230;Anfragen direkt bei Nicole (eMail)\u00a0bzw. \u00fcber unser\u00a0Anfrageformular, oder telefonisch unter 0699-116 35 597 Aktuelle Kurse und Kurstermine in der Therme Wien sowie &hellip;","og_url":"https:\/\/www.babyswimming.at\/wp\/kurse-infos\/kurse\/","og_site_name":"Babyswimming.at","article_modified_time":"2023-09-19T16:16:37+00:00","og_image":[{"width":1920,"height":1080,"url":"https:\/\/www.babyswimming.at\/wp\/wp-content\/uploads\/2022\/09\/cropped-BS-140603-082.jpg","type":"image\/jpeg"}],"twitter_card":"summary_large_image","twitter_misc":{"Gesch\u00e4tzte Lesezeit":"1\u00a0Minute"},"schema":{"@context":"https:\/\/schema.org","@graph":[{"@type":"WebPage","@id":"https:\/\/www.babyswimming.at\/wp\/kurse-infos\/kurse\/","url":"https:\/\/www.babyswimming.at\/wp\/kurse-infos\/kurse\/","name":"Kurse & Kurstermine - Babyswimming.at","isPartOf":{"@id":"https:\/\/www.babyswimming.at\/wp\/#website"},"primaryImageOfPage":{"@id":"https:\/\/www.babyswimming.at\/wp\/kurse-infos\/kurse\/#primaryimage"},"image":{"@id":"https:\/\/www.babyswimming.at\/wp\/kurse-infos\/kurse\/#primaryimage"},"thumbnailUrl":"https:\/\/www.babyswimming.at\/wp\/wp-content\/uploads\/2022\/09\/cropped-BS-140603-082.jpg","datePublished":"2022-09-12T17:50:03+00:00","dateModified":"2023-09-19T16:16:37+00:00","breadcrumb":{"@id":"https:\/\/www.babyswimming.at\/wp\/kurse-infos\/kurse\/#breadcrumb"},"inLanguage":"de","potentialAction":[{"@type":"ReadAction","target":["https:\/\/www.babyswimming.at\/wp\/kurse-infos\/kurse\/"]}]},{"@type":"ImageObject","inLanguage":"de","@id":"https:\/\/www.babyswimming.at\/wp\/kurse-infos\/kurse\/#primaryimage","url":"https:\/\/www.babyswimming.at\/wp\/wp-content\/uploads\/2022\/09\/cropped-BS-140603-082.jpg","contentUrl":"https:\/\/www.babyswimming.at\/wp\/wp-content\/uploads\/2022\/09\/cropped-BS-140603-082.jpg","width":1920,"height":1080},{"@type":"BreadcrumbList","@id":"https:\/\/www.babyswimming.at\/wp\/kurse-infos\/kurse\/#breadcrumb","itemListElement":[{"@type":"ListItem","position":1,"name":"Startseite","item":"https:\/\/www.babyswimming.at\/wp\/"},{"@type":"ListItem","position":2,"name":"Schwimmkurse &#038; Co.","item":"https:\/\/www.babyswimming.at\/wp\/kurse-infos\/"},{"@type":"ListItem","position":3,"name":"Kurse &#038; Kurstermine"}]},{"@type":"WebSite","@id":"https:\/\/www.babyswimming.at\/wp\/#website","url":"https:\/\/www.babyswimming.at\/wp\/","name":"Babyswimming.at","description":"Nieder\u00f6sterreichische Baby- und Kleinkinderschwimmschule s\u00fcdlich von Wien | Privat- und Individualunterricht, Coaching f\u00fcr TrainerInnen und Schwimmschulen...","publisher":{"@id":"https:\/\/www.babyswimming.at\/wp\/#organization"},"potentialAction":[{"@type":"SearchAction","target":{"@type":"EntryPoint","urlTemplate":"https:\/\/www.babyswimming.at\/wp\/?s={search_term_string}"},"query-input":{"@type":"PropertyValueSpecification","valueRequired":true,"valueName":"search_term_string"}}],"inLanguage":"de"},{"@type":"Organization","@id":"https:\/\/www.babyswimming.at\/wp\/#organization","name":"Babyswimming.at","url":"https:\/\/www.babyswimming.at\/wp\/","logo":{"@type":"ImageObject","inLanguage":"de","@id":"https:\/\/www.babyswimming.at\/wp\/#\/schema\/logo\/image\/","url":"https:\/\/www.babyswimming.at\/wp\/wp-content\/uploads\/2022\/09\/BS.at-Logo_mittelblaue-Schrift_MedRes.png","contentUrl":"https:\/\/www.babyswimming.at\/wp\/wp-content\/uploads\/2022\/09\/BS.at-Logo_mittelblaue-Schrift_MedRes.png","width":1500,"height":1384,"caption":"Babyswimming.at"},"image":{"@id":"https:\/\/www.babyswimming.at\/wp\/#\/schema\/logo\/image\/"}}]}},"_links":{"self":[{"href":"https:\/\/www.babyswimming.at\/wp\/wp-json\/wp\/v2\/pages\/195","targetHints":{"allow":["GET"]}}],"collection":[{"href":"https:\/\/www.babyswimming.at\/wp\/wp-json\/wp\/v2\/pages"}],"about":[{"href":"https:\/\/www.babyswimming.at\/wp\/wp-json\/wp\/v2\/types\/page"}],"author":[{"embeddable":true,"href":"https:\/\/www.babyswimming.at\/wp\/wp-json\/wp\/v2\/users\/2"}],"replies":[{"embeddable":true,"href":"https:\/\/www.babyswimming.at\/wp\/wp-json\/wp\/v2\/comments?post=195"}],"version-history":[{"count":76,"href":"https:\/\/www.babyswimming.at\/wp\/wp-json\/wp\/v2\/pages\/195\/revisions"}],"predecessor-version":[{"id":641,"href":"https:\/\/www.babyswimming.at\/wp\/wp-json\/wp\/v2\/pages\/195\/revisions\/641"}],"up":[{"embeddable":true,"href":"https:\/\/www.babyswimming.at\/wp\/wp-json\/wp\/v2\/pages\/149"}],"wp:featuredmedia":[{"embeddable":true,"href":"https:\/\/www.babyswimming.at\/wp\/wp-json\/wp\/v2\/media\/385"}],"wp:attachment":[{"href":"https:\/\/www.babyswimming.at\/wp\/wp-json\/wp\/v2\/media?parent=195"}],"curies":[{"name":"wp","href":"https:\/\/api.w.org\/{rel}","templated":true}]}}