{"id":348,"date":"2022-09-13T00:21:12","date_gmt":"2022-09-12T22:21:12","guid":{"rendered":"http:\/\/www.babyswimming.at\/wp\/?page_id=348"},"modified":"2023-09-20T08:42:13","modified_gmt":"2023-09-20T06:42:13","slug":"kursanfrage","status":"publish","type":"page","link":"https:\/\/www.babyswimming.at\/wp\/kursanfrage\/","title":{"rendered":"Anfrageformular"},"content":{"rendered":"\n<h5 class=\"wp-block-heading\">Anfrage\/Kursanfrage\/Kontaktaufnahme<\/h5>\n\n\n<div class=\"wpforms-container wpforms-container-full wpforms-block wpforms-block-407c6ece-b2b5-4b7c-b8da-7c264add3f72\" id=\"wpforms-352\"><form id=\"wpforms-form-352\" class=\"wpforms-validate wpforms-form wpforms-ajax-form\" data-formid=\"352\" method=\"post\" enctype=\"multipart\/form-data\" action=\"\/wp\/wp-json\/wp\/v2\/pages\/348\" data-token=\"0cee832b427060c64cfbc62fdd335dff\" data-token-time=\"1776772819\"><noscript class=\"wpforms-error-noscript\">Bitte aktiviere JavaScript in deinem Browser, um dieses Formular fertigzustellen.<\/noscript><div class=\"wpforms-field-container\"><div id=\"wpforms-352-field_7-container\" class=\"wpforms-field wpforms-field-select wpforms-field-select-style-classic\" data-field-id=\"7\"><label class=\"wpforms-field-label\" for=\"wpforms-352-field_7\">Grund der Kontaktaufnahme <span class=\"wpforms-required-label\">*<\/span><\/label><select id=\"wpforms-352-field_7\" class=\"wpforms-field-medium wpforms-field-required\" name=\"wpforms[fields][7]\" required=\"required\"><option value=\"Allgemeine Anfrage\"  selected='selected' class=\"choice-1 depth-1\"  >Allgemeine Anfrage<\/option><option value=\"Einzelunterricht - Privat und Kleingruppen\"  class=\"choice-2 depth-1\"  >Einzelunterricht &#8211; Privat und Kleingruppen<\/option><option value=\"Coaching f\u00fcr Trainer*innen und Schwimmschulen\"  class=\"choice-3 depth-1\"  >Coaching f\u00fcr Trainer*innen und Schwimmschulen<\/option><\/select><\/div><div id=\"wpforms-352-field_9-container\" class=\"wpforms-field wpforms-field-select wpforms-field-select-style-classic\" data-field-id=\"9\"><label class=\"wpforms-field-label\" for=\"wpforms-352-field_9\">Gekommen durch <span class=\"wpforms-required-label\">*<\/span><\/label><select id=\"wpforms-352-field_9\" class=\"wpforms-field-medium wpforms-field-required\" name=\"wpforms[fields][9]\" required=\"required\"><option value=\"Bitte die passende Option w\u00e4hlen...\"  class=\"choice-8 depth-1\"  >Bitte die passende Option w\u00e4hlen&#8230;<\/option><option value=\"Homepage\"  class=\"choice-1 depth-1\"  >Homepage<\/option><option value=\"Suchmaschine\"  class=\"choice-2 depth-1\"  >Suchmaschine<\/option><option value=\"Babyforum\"  class=\"choice-3 depth-1\"  >Babyforum<\/option><option value=\"Empfehlung\"  class=\"choice-4 depth-1\"  >Empfehlung<\/option><option value=\"Inserat\"  class=\"choice-5 depth-1\"  >Inserat<\/option><option value=\"Messe\"  class=\"choice-6 depth-1\"  >Messe<\/option><option value=\"Sonstiges\"  class=\"choice-7 depth-1\"  >Sonstiges<\/option><\/select><\/div><div id=\"wpforms-352-field_0-container\" class=\"wpforms-field wpforms-field-name\" data-field-id=\"0\"><label class=\"wpforms-field-label\">Name <span class=\"wpforms-required-label\">*<\/span><\/label><div class=\"wpforms-field-row wpforms-field-medium\"><div class=\"wpforms-field-row-block wpforms-first wpforms-one-half\"><input type=\"text\" id=\"wpforms-352-field_0\" class=\"wpforms-field-name-first wpforms-field-required\" name=\"wpforms[fields][0][first]\" required><label for=\"wpforms-352-field_0\" class=\"wpforms-field-sublabel after\">Vorname<\/label><\/div><div class=\"wpforms-field-row-block wpforms-one-half\"><input type=\"text\" id=\"wpforms-352-field_0-last\" class=\"wpforms-field-name-last wpforms-field-required\" name=\"wpforms[fields][0][last]\" required><label for=\"wpforms-352-field_0-last\" class=\"wpforms-field-sublabel after\">Nachname<\/label><\/div><\/div><\/div><div id=\"wpforms-352-field_1-container\" class=\"wpforms-field wpforms-field-email\" data-field-id=\"1\"><label class=\"wpforms-field-label\" for=\"wpforms-352-field_1\">E-Mail <span class=\"wpforms-required-label\">*<\/span><\/label><input type=\"email\" id=\"wpforms-352-field_1\" class=\"wpforms-field-medium wpforms-field-required\" name=\"wpforms[fields][1]\" spellcheck=\"false\" required><\/div><div id=\"wpforms-352-field_27-container\" class=\"wpforms-field wpforms-field-text\" data-field-id=\"27\"><label class=\"wpforms-field-label\" for=\"wpforms-352-field_27\">Telefonnummer <span class=\"wpforms-required-label\">*<\/span><\/label><input type=\"text\" id=\"wpforms-352-field_27\" class=\"wpforms-field-small wpforms-field-required\" name=\"wpforms[fields][27]\" required><\/div><div id=\"wpforms-352-field_12-container\" class=\"wpforms-field wpforms-field-text\" data-field-id=\"12\"><label class=\"wpforms-field-label\" for=\"wpforms-352-field_12\">Name des Babys\/Kindes <span class=\"wpforms-required-label\">*<\/span><\/label><input type=\"text\" id=\"wpforms-352-field_12\" class=\"wpforms-field-small wpforms-field-required wpforms-limit-characters-enabled\" data-form-id=\"352\" data-field-id=\"12\" data-text-limit=\"40\" name=\"wpforms[fields][12]\" maxlength=\"40\" required><\/div><div id=\"wpforms-352-field_19-container\" class=\"wpforms-field wpforms-field-text\" data-field-id=\"19\"><label class=\"wpforms-field-label\" for=\"wpforms-352-field_19\">Geburtsdatum\/Alter des Kindes <span class=\"wpforms-required-label\">*<\/span><\/label><input type=\"text\" id=\"wpforms-352-field_19\" class=\"wpforms-field-small wpforms-field-required wpforms-limit-characters-enabled\" data-form-id=\"352\" data-field-id=\"19\" data-text-limit=\"20\" name=\"wpforms[fields][19]\" maxlength=\"20\" required><\/div><div id=\"wpforms-352-field_22-container\" class=\"wpforms-field wpforms-field-text\" data-field-id=\"22\"><label class=\"wpforms-field-label\" for=\"wpforms-352-field_22\">Strasse und Hausnummer (evtl. auch Stiege, T\u00fcr, &#8230;)<\/label><input type=\"text\" id=\"wpforms-352-field_22\" class=\"wpforms-field-small wpforms-limit-characters-enabled\" data-form-id=\"352\" data-field-id=\"22\" data-text-limit=\"30\" name=\"wpforms[fields][22]\" maxlength=\"30\" ><\/div><div id=\"wpforms-352-field_23-container\" class=\"wpforms-field wpforms-field-text\" data-field-id=\"23\"><label class=\"wpforms-field-label\" for=\"wpforms-352-field_23\">PLZ und Ort<\/label><input type=\"text\" id=\"wpforms-352-field_23\" class=\"wpforms-field-small wpforms-limit-characters-enabled\" data-form-id=\"352\" data-field-id=\"23\" data-text-limit=\"30\" name=\"wpforms[fields][23]\" maxlength=\"30\" ><\/div><div id=\"wpforms-352-field_26-container\" class=\"wpforms-field wpforms-field-select wpforms-field-select-style-classic\" data-field-id=\"26\"><label class=\"wpforms-field-label\" for=\"wpforms-352-field_26\">Schwimmerfahrung <span class=\"wpforms-required-label\">*<\/span><\/label><select id=\"wpforms-352-field_26\" class=\"wpforms-field-medium wpforms-field-required\" name=\"wpforms[fields][26]\" required=\"required\"><option value=\"Schwimmanf\u00e4nger\"  class=\"choice-1 depth-1\"  >Schwimmanf\u00e4nger<\/option><option value=\"Fortgeschrittener\"  class=\"choice-2 depth-1\"  >Fortgeschrittener<\/option><option value=\"Ich bin mir nicht sicher...\"  class=\"choice-3 depth-1\"  >Ich bin mir nicht sicher&#8230;<\/option><option value=\"Nicht relevant...\"  class=\"choice-4 depth-1\"  >Nicht relevant&#8230;<\/option><\/select><\/div><div id=\"wpforms-352-field_28-container\" class=\"wpforms-field wpforms-field-select wpforms-field-select-style-classic\" data-field-id=\"28\"><label class=\"wpforms-field-label\" for=\"wpforms-352-field_28\">Kursort <span class=\"wpforms-required-label\">*<\/span><\/label><select id=\"wpforms-352-field_28\" class=\"wpforms-field-medium wpforms-field-required\" name=\"wpforms[fields][28]\" required=\"required\"><option value=\"Kursortunabh\u00e4ngig\"  class=\"choice-3 depth-1\"  >Kursortunabh\u00e4ngig<\/option><option value=\"Therme Wien\"  class=\"choice-2 depth-1\"  >Therme Wien<\/option><option value=\"R\u00f6mertherme Baden\"  class=\"choice-1 depth-1\"  >R\u00f6mertherme Baden<\/option><\/select><\/div><div id=\"wpforms-352-field_2-container\" class=\"wpforms-field wpforms-field-textarea\" data-field-id=\"2\"><label class=\"wpforms-field-label\" for=\"wpforms-352-field_2\">Kommentar oder Nachricht <span class=\"wpforms-required-label\">*<\/span><\/label><textarea id=\"wpforms-352-field_2\" class=\"wpforms-field-medium wpforms-field-required\" name=\"wpforms[fields][2]\" required><\/textarea><\/div><div id=\"wpforms-352-field_32-container\" class=\"wpforms-field wpforms-field-checkbox\" data-field-id=\"32\"><label class=\"wpforms-field-label\">AGB-Einverst\u00e4ndnis <span class=\"wpforms-required-label\">*<\/span><\/label><ul id=\"wpforms-352-field_32\" class=\"wpforms-field-required\"><li class=\"choice-1 depth-1\"><input type=\"checkbox\" id=\"wpforms-352-field_32_1\" name=\"wpforms[fields][32][]\" value=\"Ja, ich akzeptiere die aktuell g\u00fcltigen AGB von Babyswimming.at\/Nicole Slauschek, wie im Men\u00fcpunkt &quot;AGB&quot; ver\u00f6ffentlicht.\" required ><label class=\"wpforms-field-label-inline\" for=\"wpforms-352-field_32_1\">Ja, ich akzeptiere die aktuell g\u00fcltigen AGB von Babyswimming.at\/Nicole Slauschek, wie im Men\u00fcpunkt &#8222;AGB&#8220; ver\u00f6ffentlicht.<\/label><\/li><\/ul><\/div><div id=\"wpforms-352-field_10-container\" class=\"wpforms-field wpforms-field-checkbox\" data-field-id=\"10\"><label class=\"wpforms-field-label\">DSGVO-Einverst\u00e4ndnis <span class=\"wpforms-required-label\">*<\/span><\/label><ul id=\"wpforms-352-field_10\" class=\"wpforms-field-required\"><li class=\"choice-1 depth-1\"><input type=\"checkbox\" id=\"wpforms-352-field_10_1\" name=\"wpforms[fields][10][]\" value=\"Ich willige ein, dass diese Website meine \u00fcbermittelten Informationen speichert, sodass meine Anfrage beantwortet werden kann. Details siehe Men\u00fcpunkt &quot;Datenschutz&quot;.\" required ><label class=\"wpforms-field-label-inline\" for=\"wpforms-352-field_10_1\">Ich willige ein, dass diese Website meine \u00fcbermittelten Informationen speichert, sodass meine Anfrage beantwortet werden kann. Details siehe Men\u00fcpunkt &#8222;Datenschutz&#8220;.<\/label><\/li><\/ul><\/div><\/div><!-- .wpforms-field-container --><div class=\"wpforms-submit-container\" ><input type=\"hidden\" name=\"wpforms[id]\" value=\"352\"><input type=\"hidden\" name=\"page_title\" value=\"\"><input type=\"hidden\" name=\"page_url\" value=\"https:\/\/www.babyswimming.at\/wp\/wp-json\/wp\/v2\/pages\/348\"><input type=\"hidden\" name=\"url_referer\" value=\"\"><button type=\"submit\" name=\"wpforms[submit]\" id=\"wpforms-submit-352\" class=\"wpforms-submit\" data-alt-text=\"Senden\u2026\" data-submit-text=\"Absenden\" aria-live=\"assertive\" value=\"wpforms-submit\">Absenden<\/button><img loading=\"lazy\" decoding=\"async\" src=\"https:\/\/www.babyswimming.at\/wp\/wp-content\/plugins\/wpforms-lite\/assets\/images\/submit-spin.svg\" class=\"wpforms-submit-spinner\" style=\"display: none;\" width=\"26\" height=\"26\" alt=\"Wird geladen\"><\/div><\/form><\/div>  <!-- .wpforms-container -->","protected":false},"excerpt":{"rendered":"<p>Anfrage\/Kursanfrage\/Kontaktaufnahme<\/p>\n","protected":false},"author":2,"featured_media":0,"parent":0,"menu_order":7,"comment_status":"closed","ping_status":"closed","template":"","meta":{"footnotes":""},"class_list":["post-348","page","type-page","status-publish","hentry"],"yoast_head":"<!-- This site is optimized with the Yoast SEO plugin v27.4 - https:\/\/yoast.com\/product\/yoast-seo-wordpress\/ -->\n<title>Anfrageformular - Babyswimming.at<\/title>\n<meta name=\"robots\" content=\"index, follow, max-snippet:-1, max-image-preview:large, max-video-preview:-1\" \/>\n<link rel=\"canonical\" href=\"https:\/\/www.babyswimming.at\/wp\/kursanfrage\/\" \/>\n<meta property=\"og:locale\" content=\"de_DE\" \/>\n<meta property=\"og:type\" content=\"article\" \/>\n<meta property=\"og:title\" content=\"Anfrageformular - Babyswimming.at\" \/>\n<meta property=\"og:description\" content=\"Anfrage\/Kursanfrage\/Kontaktaufnahme\" \/>\n<meta property=\"og:url\" content=\"https:\/\/www.babyswimming.at\/wp\/kursanfrage\/\" \/>\n<meta property=\"og:site_name\" content=\"Babyswimming.at\" \/>\n<meta property=\"article:modified_time\" content=\"2023-09-20T06:42:13+00:00\" \/>\n<meta name=\"twitter:card\" content=\"summary_large_image\" \/>\n<meta name=\"twitter:label1\" content=\"Gesch\u00e4tzte Lesezeit\" \/>\n\t<meta name=\"twitter:data1\" content=\"1\u00a0Minute\" \/>\n<script type=\"application\/ld+json\" class=\"yoast-schema-graph\">{\"@context\":\"https:\\\/\\\/schema.org\",\"@graph\":[{\"@type\":\"WebPage\",\"@id\":\"https:\\\/\\\/www.babyswimming.at\\\/wp\\\/kursanfrage\\\/\",\"url\":\"https:\\\/\\\/www.babyswimming.at\\\/wp\\\/kursanfrage\\\/\",\"name\":\"Anfrageformular - Babyswimming.at\",\"isPartOf\":{\"@id\":\"https:\\\/\\\/www.babyswimming.at\\\/wp\\\/#website\"},\"datePublished\":\"2022-09-12T22:21:12+00:00\",\"dateModified\":\"2023-09-20T06:42:13+00:00\",\"breadcrumb\":{\"@id\":\"https:\\\/\\\/www.babyswimming.at\\\/wp\\\/kursanfrage\\\/#breadcrumb\"},\"inLanguage\":\"de\",\"potentialAction\":[{\"@type\":\"ReadAction\",\"target\":[\"https:\\\/\\\/www.babyswimming.at\\\/wp\\\/kursanfrage\\\/\"]}]},{\"@type\":\"BreadcrumbList\",\"@id\":\"https:\\\/\\\/www.babyswimming.at\\\/wp\\\/kursanfrage\\\/#breadcrumb\",\"itemListElement\":[{\"@type\":\"ListItem\",\"position\":1,\"name\":\"Startseite\",\"item\":\"https:\\\/\\\/www.babyswimming.at\\\/wp\\\/\"},{\"@type\":\"ListItem\",\"position\":2,\"name\":\"Anfrageformular\"}]},{\"@type\":\"WebSite\",\"@id\":\"https:\\\/\\\/www.babyswimming.at\\\/wp\\\/#website\",\"url\":\"https:\\\/\\\/www.babyswimming.at\\\/wp\\\/\",\"name\":\"Babyswimming.at\",\"description\":\"Nieder\u00f6sterreichische Baby- und Kleinkinderschwimmschule s\u00fcdlich von Wien | Privat- und Individualunterricht, Coaching f\u00fcr TrainerInnen und Schwimmschulen...\",\"publisher\":{\"@id\":\"https:\\\/\\\/www.babyswimming.at\\\/wp\\\/#organization\"},\"potentialAction\":[{\"@type\":\"SearchAction\",\"target\":{\"@type\":\"EntryPoint\",\"urlTemplate\":\"https:\\\/\\\/www.babyswimming.at\\\/wp\\\/?s={search_term_string}\"},\"query-input\":{\"@type\":\"PropertyValueSpecification\",\"valueRequired\":true,\"valueName\":\"search_term_string\"}}],\"inLanguage\":\"de\"},{\"@type\":\"Organization\",\"@id\":\"https:\\\/\\\/www.babyswimming.at\\\/wp\\\/#organization\",\"name\":\"Babyswimming.at\",\"url\":\"https:\\\/\\\/www.babyswimming.at\\\/wp\\\/\",\"logo\":{\"@type\":\"ImageObject\",\"inLanguage\":\"de\",\"@id\":\"https:\\\/\\\/www.babyswimming.at\\\/wp\\\/#\\\/schema\\\/logo\\\/image\\\/\",\"url\":\"https:\\\/\\\/www.babyswimming.at\\\/wp\\\/wp-content\\\/uploads\\\/2022\\\/09\\\/BS.at-Logo_mittelblaue-Schrift_MedRes.png\",\"contentUrl\":\"https:\\\/\\\/www.babyswimming.at\\\/wp\\\/wp-content\\\/uploads\\\/2022\\\/09\\\/BS.at-Logo_mittelblaue-Schrift_MedRes.png\",\"width\":1500,\"height\":1384,\"caption\":\"Babyswimming.at\"},\"image\":{\"@id\":\"https:\\\/\\\/www.babyswimming.at\\\/wp\\\/#\\\/schema\\\/logo\\\/image\\\/\"}}]}<\/script>\n<!-- \/ Yoast SEO plugin. -->","yoast_head_json":{"title":"Anfrageformular - Babyswimming.at","robots":{"index":"index","follow":"follow","max-snippet":"max-snippet:-1","max-image-preview":"max-image-preview:large","max-video-preview":"max-video-preview:-1"},"canonical":"https:\/\/www.babyswimming.at\/wp\/kursanfrage\/","og_locale":"de_DE","og_type":"article","og_title":"Anfrageformular - Babyswimming.at","og_description":"Anfrage\/Kursanfrage\/Kontaktaufnahme","og_url":"https:\/\/www.babyswimming.at\/wp\/kursanfrage\/","og_site_name":"Babyswimming.at","article_modified_time":"2023-09-20T06:42:13+00:00","twitter_card":"summary_large_image","twitter_misc":{"Gesch\u00e4tzte Lesezeit":"1\u00a0Minute"},"schema":{"@context":"https:\/\/schema.org","@graph":[{"@type":"WebPage","@id":"https:\/\/www.babyswimming.at\/wp\/kursanfrage\/","url":"https:\/\/www.babyswimming.at\/wp\/kursanfrage\/","name":"Anfrageformular - Babyswimming.at","isPartOf":{"@id":"https:\/\/www.babyswimming.at\/wp\/#website"},"datePublished":"2022-09-12T22:21:12+00:00","dateModified":"2023-09-20T06:42:13+00:00","breadcrumb":{"@id":"https:\/\/www.babyswimming.at\/wp\/kursanfrage\/#breadcrumb"},"inLanguage":"de","potentialAction":[{"@type":"ReadAction","target":["https:\/\/www.babyswimming.at\/wp\/kursanfrage\/"]}]},{"@type":"BreadcrumbList","@id":"https:\/\/www.babyswimming.at\/wp\/kursanfrage\/#breadcrumb","itemListElement":[{"@type":"ListItem","position":1,"name":"Startseite","item":"https:\/\/www.babyswimming.at\/wp\/"},{"@type":"ListItem","position":2,"name":"Anfrageformular"}]},{"@type":"WebSite","@id":"https:\/\/www.babyswimming.at\/wp\/#website","url":"https:\/\/www.babyswimming.at\/wp\/","name":"Babyswimming.at","description":"Nieder\u00f6sterreichische Baby- und Kleinkinderschwimmschule s\u00fcdlich von Wien | Privat- und Individualunterricht, Coaching f\u00fcr TrainerInnen und Schwimmschulen...","publisher":{"@id":"https:\/\/www.babyswimming.at\/wp\/#organization"},"potentialAction":[{"@type":"SearchAction","target":{"@type":"EntryPoint","urlTemplate":"https:\/\/www.babyswimming.at\/wp\/?s={search_term_string}"},"query-input":{"@type":"PropertyValueSpecification","valueRequired":true,"valueName":"search_term_string"}}],"inLanguage":"de"},{"@type":"Organization","@id":"https:\/\/www.babyswimming.at\/wp\/#organization","name":"Babyswimming.at","url":"https:\/\/www.babyswimming.at\/wp\/","logo":{"@type":"ImageObject","inLanguage":"de","@id":"https:\/\/www.babyswimming.at\/wp\/#\/schema\/logo\/image\/","url":"https:\/\/www.babyswimming.at\/wp\/wp-content\/uploads\/2022\/09\/BS.at-Logo_mittelblaue-Schrift_MedRes.png","contentUrl":"https:\/\/www.babyswimming.at\/wp\/wp-content\/uploads\/2022\/09\/BS.at-Logo_mittelblaue-Schrift_MedRes.png","width":1500,"height":1384,"caption":"Babyswimming.at"},"image":{"@id":"https:\/\/www.babyswimming.at\/wp\/#\/schema\/logo\/image\/"}}]}},"_links":{"self":[{"href":"https:\/\/www.babyswimming.at\/wp\/wp-json\/wp\/v2\/pages\/348","targetHints":{"allow":["GET"]}}],"collection":[{"href":"https:\/\/www.babyswimming.at\/wp\/wp-json\/wp\/v2\/pages"}],"about":[{"href":"https:\/\/www.babyswimming.at\/wp\/wp-json\/wp\/v2\/types\/page"}],"author":[{"embeddable":true,"href":"https:\/\/www.babyswimming.at\/wp\/wp-json\/wp\/v2\/users\/2"}],"replies":[{"embeddable":true,"href":"https:\/\/www.babyswimming.at\/wp\/wp-json\/wp\/v2\/comments?post=348"}],"version-history":[{"count":6,"href":"https:\/\/www.babyswimming.at\/wp\/wp-json\/wp\/v2\/pages\/348\/revisions"}],"predecessor-version":[{"id":661,"href":"https:\/\/www.babyswimming.at\/wp\/wp-json\/wp\/v2\/pages\/348\/revisions\/661"}],"wp:attachment":[{"href":"https:\/\/www.babyswimming.at\/wp\/wp-json\/wp\/v2\/media?parent=348"}],"curies":[{"name":"wp","href":"https:\/\/api.w.org\/{rel}","templated":true}]}}